{"id":187,"date":"2023-08-31T18:18:48","date_gmt":"2023-08-31T16:18:48","guid":{"rendered":"https:\/\/osul.org\/?page_id=187"},"modified":"2023-09-02T00:06:37","modified_gmt":"2023-09-01T22:06:37","slug":"agenda","status":"publish","type":"page","link":"https:\/\/osul.org\/index.php\/agenda\/","title":{"rendered":"Agenda"},"content":{"rendered":"\n<h2 class=\"wp-block-heading\">Programmation musicale de l&rsquo;ann\u00e9e 2023-2024 &#8211; \u00c0 venir tr\u00e8s prochainement !<\/h2>\n\n\n\n<p>L&rsquo;Orchestre Symphonique Universitaire de Lorraine (OSUL) vous pr\u00e9pare une saison musicale exceptionnelle pour l&rsquo;ann\u00e9e \u00e0 venir ! Restez \u00e0 l&rsquo;\u00e9coute, car notre programme musical pour la p\u00e9riode 2023-2024 sera bient\u00f4t d\u00e9voil\u00e9.<\/p>\n\n\n\n<p>Nous avons pr\u00e9vu une s\u00e9rie de concerts m\u00e9morables, des interpr\u00e9tations vibrantes des classiques de la musique, ainsi que des moments musicaux sp\u00e9ciaux pour vous divertir et vous \u00e9mouvoir. Que vous soyez passionn\u00e9 par la musique classique, les bandes originales de films ou les m\u00e9lodies envo\u00fbtantes des dessins anim\u00e9s, l&rsquo;OSUL vous promet une exp\u00e9rience musicale unique.<\/p>\n\n\n\n<p>Rejoignez-nous pour c\u00e9l\u00e9brer la puissance de la musique, l&rsquo;harmonie de notre orchestre, et la passion qui nous anime. Restez connect\u00e9s pour d\u00e9couvrir notre agenda complet, les d\u00e9tails des concerts, et bien plus encore.<\/p>\n\n\n\n<p>Restez \u00e0 l&rsquo;\u00e9coute et pr\u00e9parez vous \u00e0 vivre des moments musicaux inoubliables avec l&rsquo;OSUL !<\/p>\n","protected":false},"excerpt":{"rendered":"<p>Programmation musicale de l&rsquo;ann\u00e9e 2023-2024 &#8211; \u00c0 venir tr\u00e8s prochainement ! L&rsquo;Orchestre Symphonique Universitaire de Lorraine (OSUL) vous pr\u00e9pare une saison musicale exceptionnelle pour l&rsquo;ann\u00e9e \u00e0 venir ! Restez \u00e0 [&hellip;]<\/p>\n","protected":false},"author":1,"featured_media":0,"parent":0,"menu_order":0,"comment_status":"closed","ping_status":"closed","template":"","meta":{"_vp_format_video_url":"","_vp_image_focal_point":[],"footnotes":""},"class_list":["post-187","page","type-page","status-publish","hentry"],"jetpack_sharing_enabled":true,"_links":{"self":[{"href":"https:\/\/osul.org\/index.php\/wp-json\/wp\/v2\/pages\/187","targetHints":{"allow":["GET"]}}],"collection":[{"href":"https:\/\/osul.org\/index.php\/wp-json\/wp\/v2\/pages"}],"about":[{"href":"https:\/\/osul.org\/index.php\/wp-json\/wp\/v2\/types\/page"}],"author":[{"embeddable":true,"href":"https:\/\/osul.org\/index.php\/wp-json\/wp\/v2\/users\/1"}],"replies":[{"embeddable":true,"href":"https:\/\/osul.org\/index.php\/wp-json\/wp\/v2\/comments?post=187"}],"version-history":[{"count":3,"href":"https:\/\/osul.org\/index.php\/wp-json\/wp\/v2\/pages\/187\/revisions"}],"predecessor-version":[{"id":311,"href":"https:\/\/osul.org\/index.php\/wp-json\/wp\/v2\/pages\/187\/revisions\/311"}],"wp:attachment":[{"href":"https:\/\/osul.org\/index.php\/wp-json\/wp\/v2\/media?parent=187"}],"curies":[{"name":"wp","href":"https:\/\/api.w.org\/{rel}","templated":true}]}}